{"id":862,"date":"2011-09-23T15:15:41","date_gmt":"2011-09-23T15:15:41","guid":{"rendered":"http:\/\/rttheme18.demo-rt.com\/?page_id=5"},"modified":"2024-03-07T16:57:23","modified_gmt":"2024-03-07T16:57:23","slug":"quemsomos-2","status":"publish","type":"page","link":"https:\/\/www.serinfinito.com.br\/news\/quemsomos-2\/","title":{"rendered":"SOBRE"},"content":{"rendered":"<div id=\"idTextPanel\">\n<p>Eu acredito que mulher curada ningu\u00e9m segura!<\/p>\n<p>Por isso este espa\u00e7o surgiu, para que mais mulheres tenham sa\u00fade hormonal de forma natural, conhecimento de como funciona seu corpo e viver melhor atrav\u00e9s da sua ciclicidade, afinal, n\u00e3o somos loucas e sim de fases.<\/p>\n<p>Aqui tamb\u00e9m voc\u00ea encontra um espa\u00e7o para avan\u00e7ar em suas descobertas, ampliar conhecimentos atrav\u00e9s dos cursos, compartilhar experi\u00eancias nos c\u00edrculos terap\u00eauticos e retiros, expandir conex\u00f5es e fortalecer a lembran\u00e7a de que \u00e9 um\u00a0 SER INFINITO!<\/p>\n<p>Trilhei uma longa jornada de estudos e pr\u00e1ticas, percebi que viver fazendo o que gosta, alinhada com os meus valores, ter liberdade de tempo e espa\u00e7o \u00e9 fundamental para uma vida mais equilibrada e feliz. Isso permite que o corpo, a mente e o esp\u00edrito estejam cada vez mais saud\u00e1veis. Voc\u00ea tamb\u00e9m deseja isso?<\/p>\n<p>Em 2012, em um relaxamento na praia recebi este nome. Na areia dessa mesma praia a logomarca tomou forma. E os trabalhos para colaborar com as pessoas, o planeta e comigo j\u00e1 estavam &#8220;de vento em polpa&#8221; em diversos lugares.<\/p>\n<p>Em 2014, a sede f\u00edsica chegou, com aulas regulares de yoga, yogaterapia hormonal, yoga dance,\u00a0 diversas terapias, cursos, workshops, oficinas, seres especiais foram chegando para compor este leque de possibilidades a partir de um mesmo prop\u00f3sito:\u00a0 cura, expans\u00e3o da consci\u00eancia e um mundo melhor para todos.<\/p>\n<p>Com diversos trabalhos em v\u00e1rios estados, mais um chamado chegou em 2019:\u00a0 facilitar e coordenar o Curso de Forma\u00e7\u00e3o em Yoga em Mato Grosso. E a minha terra natal (MT) foi a premiada parqa come\u00e7ar esta jornada, com a participa\u00e7\u00e3o de professores incr\u00edveis nesta miss\u00e3o.<\/p>\n<p>Chega o ano da virada, 2020 o inesperado: a pandemia, fomos impulsionadas a ultrapassar os limites f\u00edsicos conhecidos e expandir nossa miss\u00e3o nessa rede global(on-line).<\/p>\n<p>Hoje o espa\u00e7o f\u00edsico \u00e9 menor para que eu possa compartilhar com as pessoas quem n\u00e3o moram em Jo\u00e3o Pessoa\/PB os meus conhecimentos e trabalhos de cura de forma online.<\/p>\n<p>Ent\u00e3o, independentemente de onde voc\u00ea esteja \u00e9 poss\u00edvel ser atendida por mim e realizar alguns cursos online, tenho aulas de yoga, yogaterapia hormonal personalizada, atendimento com a ginecologia natural, aprenda a realizar c\u00edrculo de mulheres inesquec\u00edveis, curso online X\u00f4 TPM e c\u00f3licas, workshop x\u00f4 menopausa dif\u00edcil&#8230;).<\/p>\n<p>Tem o Curso de Forma\u00e7\u00e3o em Yoga e Conhecimento para Mulheres presencial mensal.<\/p>\n<p>C\u00edrculo de Mulheres(mensalmente), B\u00ean\u00e7\u00e3o Mundial do \u00datero e Retiros Espirituais em Jo\u00e3o Pessoa\/PB e em outros estados.<\/p>\n<p>Vem Ser Infinita!<\/p>\n<p><strong>Nossa Miss\u00e3o<\/strong><br \/>\nContribuir com os seres que buscam sa\u00fade, ajustes hormonais, evolu\u00e7\u00e3o em todos os n\u00edveis, trabalhar no que lhe d\u00e1 prazer, com liberdade de tempo e espa\u00e7o, fazendo o bem para as pessoas, para o planeta e para si.<br \/>\nQue juntas possamos trilhar um lindo caminho de realmente Ser Infinito.<\/p>\n<p><strong>Trabalhos realizados<\/strong><\/p>\n<p>Para o Tribunal Regional do Trabalho(PB), UFPB, Mana\u00edra Shopping, Cehap no Projeto Minha Casa Minha Vida do Governo do Estado da PB, Espa\u00e7o Holistico Jardim Alforria(PB) Pousada Ful\u00f4 da Pedra(RN), Real Empreendimentos Imobili\u00e1rios(RN), Espa\u00e7o Bem Viver(MT), Horto Hotel(MT), Pousada Trilha do Mar(AL), Caf\u00e9 Yoga(MT), Est\u00fadio de Yoga Elis Nunes(MT), Cabanas Cheiro de Mato Pousada Hol\u00edstica(MT), AEIA Espa\u00e7o de Yoga (MT), Espa\u00e7o Terap\u00eautico Encontre o Essencial (MT).<\/p>\n<p>.<\/p>\n<\/div>\n","protected":false},"excerpt":{"rendered":"<p>Eu acredito que mulher curada ningu\u00e9m segura! Por isso este espa\u00e7o surgiu, para que mais mulheres tenham sa\u00fade hormonal de forma natural, conhecimento de como funciona seu corpo e viver melhor atrav\u00e9s da sua ciclicidade, afinal, n\u00e3o somos loucas e sim de fases. Aqui tamb\u00e9m voc\u00ea encontra um espa\u00e7o para avan\u00e7ar em suas descobertas, ampliar [&hellip;]<\/p>\n","protected":false},"author":1,"featured_media":0,"parent":0,"menu_order":0,"comment_status":"open","ping_status":"closed","template":"","meta":[],"aioseo_notices":[],"_links":{"self":[{"href":"https:\/\/www.serinfinito.com.br\/news\/wp-json\/wp\/v2\/pages\/862"}],"collection":[{"href":"https:\/\/www.serinfinito.com.br\/news\/wp-json\/wp\/v2\/pages"}],"about":[{"href":"https:\/\/www.serinfinito.com.br\/news\/wp-json\/wp\/v2\/types\/page"}],"author":[{"embeddable":true,"href":"https:\/\/www.serinfinito.com.br\/news\/wp-json\/wp\/v2\/users\/1"}],"replies":[{"embeddable":true,"href":"https:\/\/www.serinfinito.com.br\/news\/wp-json\/wp\/v2\/comments?post=862"}],"version-history":[{"count":16,"href":"https:\/\/www.serinfinito.com.br\/news\/wp-json\/wp\/v2\/pages\/862\/revisions"}],"predecessor-version":[{"id":5468,"href":"https:\/\/www.serinfinito.com.br\/news\/wp-json\/wp\/v2\/pages\/862\/revisions\/5468"}],"wp:attachment":[{"href":"https:\/\/www.serinfinito.com.br\/news\/wp-json\/wp\/v2\/media?parent=862"}],"curies":[{"name":"wp","href":"https:\/\/api.w.org\/{rel}","templated":true}]}}